{"id":6,"date":"2019-02-01T19:16:34","date_gmt":"2019-02-01T21:16:34","guid":{"rendered":"https:\/\/renzostudiodearquitetura.wordpress.com\/?page_id=2"},"modified":"2026-03-02T14:18:07","modified_gmt":"2026-03-02T17:18:07","slug":"sobre","status":"publish","type":"page","link":"https:\/\/renzostudio.com\/index.php\/sobre\/","title":{"rendered":"Quem somos"},"content":{"rendered":"\n<p class=\"has-text-align-center\">Desde 2017, desenvolvemos projetos residenciais e comerciais guiados pela rela\u00e7\u00e3o entre espa\u00e7o e uso.<\/p>\n\n\n\n<div class=\"wp-block-columns is-layout-flex wp-container-core-columns-is-layout-9d6595d7 wp-block-columns-is-layout-flex\">\n<div class=\"wp-block-column is-layout-flow wp-block-column-is-layout-flow\" style=\"flex-basis:100%\"><div class=\"wp-block-image is-resized\">\n<figure class=\"aligncenter\"><img data-recalc-dims=\"1\" loading=\"lazy\" decoding=\"async\" width=\"819\" height=\"1024\" data-attachment-id=\"563\" data-permalink=\"https:\/\/renzostudio.com\/index.php\/sobre\/renzo-arquitetura-39-baixa\/\" data-orig-file=\"https:\/\/i0.wp.com\/renzostudio.com\/wp-content\/uploads\/2021\/07\/Renzo-Arquitetura-39-baixa-scaled.jpg?fit=2049%2C2560&amp;ssl=1\" data-orig-size=\"2049,2560\" data-comments-opened=\"1\" data-image-meta=\"{&quot;aperture&quot;:&quot;4&quot;,&quot;credit&quot;:&quot;Yuri Panichi&quot;,&quot;camera&quot;:&quot;ILCE-7RM2&quot;,&quot;caption&quot;:&quot;&quot;,&quot;created_timestamp&quot;:&quot;1620674160&quot;,&quot;copyright&quot;:&quot;Yuri Panichi&quot;,&quot;focal_length&quot;:&quot;35&quot;,&quot;iso&quot;:&quot;1250&quot;,&quot;shutter_speed&quot;:&quot;0.025&quot;,&quot;title&quot;:&quot;&quot;,&quot;orientation&quot;:&quot;1&quot;}\" data-image-title=\"Renzo-Arquitetura-39-baixa\" data-image-description=\"\" data-image-caption=\"\" data-medium-file=\"https:\/\/i0.wp.com\/renzostudio.com\/wp-content\/uploads\/2021\/07\/Renzo-Arquitetura-39-baixa-scaled.jpg?fit=240%2C300&amp;ssl=1\" data-large-file=\"https:\/\/i0.wp.com\/renzostudio.com\/wp-content\/uploads\/2021\/07\/Renzo-Arquitetura-39-baixa-scaled.jpg?fit=819%2C1024&amp;ssl=1\" src=\"https:\/\/i0.wp.com\/renzostudio.com\/wp-content\/uploads\/2021\/07\/Renzo-Arquitetura-39-baixa.jpg?resize=819%2C1024&#038;ssl=1\" alt=\"\" class=\"wp-image-563\" srcset=\"https:\/\/i0.wp.com\/renzostudio.com\/wp-content\/uploads\/2021\/07\/Renzo-Arquitetura-39-baixa-scaled.jpg?resize=819%2C1024&amp;ssl=1 819w, https:\/\/i0.wp.com\/renzostudio.com\/wp-content\/uploads\/2021\/07\/Renzo-Arquitetura-39-baixa-scaled.jpg?resize=240%2C300&amp;ssl=1 240w, https:\/\/i0.wp.com\/renzostudio.com\/wp-content\/uploads\/2021\/07\/Renzo-Arquitetura-39-baixa-scaled.jpg?resize=768%2C960&amp;ssl=1 768w, https:\/\/i0.wp.com\/renzostudio.com\/wp-content\/uploads\/2021\/07\/Renzo-Arquitetura-39-baixa-scaled.jpg?resize=1229%2C1536&amp;ssl=1 1229w, https:\/\/i0.wp.com\/renzostudio.com\/wp-content\/uploads\/2021\/07\/Renzo-Arquitetura-39-baixa-scaled.jpg?resize=1639%2C2048&amp;ssl=1 1639w, https:\/\/i0.wp.com\/renzostudio.com\/wp-content\/uploads\/2021\/07\/Renzo-Arquitetura-39-baixa-scaled.jpg?resize=800%2C1000&amp;ssl=1 800w, https:\/\/i0.wp.com\/renzostudio.com\/wp-content\/uploads\/2021\/07\/Renzo-Arquitetura-39-baixa-scaled.jpg?resize=144%2C180&amp;ssl=1 144w\" sizes=\"auto, (max-width: 819px) 100vw, 819px\" \/><\/figure><\/div>\n\n\n<div class=\"wp-block-columns is-layout-flex wp-container-core-columns-is-layout-9d6595d7 wp-block-columns-is-layout-flex\">\n<div class=\"wp-block-column is-layout-flow wp-block-column-is-layout-flow\">\n<p class=\"has-text-align-left\"><strong>Arq. Paula Franceschini<\/strong><br><em>CAU A95890-5<\/em><\/p>\n\n\n\n<p class=\"has-text-align-left\">Graduada em Arquitetura e Urbanismo pela UFRGS (2013), mestra em Engenharia Civil na \u00e1rea de Sustentabilidade pela mesma universidade (2018) e doutora em Arquitetura, Tecnologia e Cidade na \u00e1rea de Conforto Ambiental e Efici\u00eancia Energ\u00e9tica pela UNICAMP (2024).<\/p>\n<\/div>\n<\/div>\n\n\n\n<p><strong>Arq. Karina Rosa<\/strong><br><em>CAU A9<\/em>7592-3<\/p>\n\n\n\n<p>Graduada em Arquitetura e Urbanismo pela UFRGS (2013).<\/p>\n\n\n\n<p><\/p>\n<\/div>\n<\/div>\n\n\n\n<p><\/p>\n","protected":false},"excerpt":{"rendered":"<p>Desde 2017, desenvolvemos projetos residenciais e comerciais guiados pela rela\u00e7\u00e3o entre espa\u00e7o e uso. Arq. Paula FranceschiniCAU A95890-5 Graduada em Arquitetura e Urbanismo pela UFRGS (2013), mestra em Engenharia Civil na \u00e1rea de Sustentabilidade pela mesma universidade (2018) e doutora em Arquitetura, Tecnologia e Cidade na \u00e1rea de Conforto Ambiental e Efici\u00eancia Energ\u00e9tica pela UNICAMP&hellip;<\/p>\n","protected":false},"author":1,"featured_media":0,"parent":0,"menu_order":1,"comment_status":"closed","ping_status":"closed","template":"","meta":{"footnotes":""},"class_list":["post-6","page","type-page","status-publish","hentry","empty-entry-meta"],"jetpack_sharing_enabled":false,"_links":{"self":[{"href":"https:\/\/renzostudio.com\/index.php\/wp-json\/wp\/v2\/pages\/6","targetHints":{"allow":["GET"]}}],"collection":[{"href":"https:\/\/renzostudio.com\/index.php\/wp-json\/wp\/v2\/pages"}],"about":[{"href":"https:\/\/renzostudio.com\/index.php\/wp-json\/wp\/v2\/types\/page"}],"author":[{"embeddable":true,"href":"https:\/\/renzostudio.com\/index.php\/wp-json\/wp\/v2\/users\/1"}],"replies":[{"embeddable":true,"href":"https:\/\/renzostudio.com\/index.php\/wp-json\/wp\/v2\/comments?post=6"}],"version-history":[{"count":11,"href":"https:\/\/renzostudio.com\/index.php\/wp-json\/wp\/v2\/pages\/6\/revisions"}],"predecessor-version":[{"id":1527,"href":"https:\/\/renzostudio.com\/index.php\/wp-json\/wp\/v2\/pages\/6\/revisions\/1527"}],"wp:attachment":[{"href":"https:\/\/renzostudio.com\/index.php\/wp-json\/wp\/v2\/media?parent=6"}],"curies":[{"name":"wp","href":"https:\/\/api.w.org\/{rel}","templated":true}]}}